{"id":2649,"date":"2023-05-08T19:08:23","date_gmt":"2023-05-08T19:08:23","guid":{"rendered":"https:\/\/cevcam.com\/?page_id=2649"},"modified":"2023-05-12T10:09:23","modified_gmt":"2023-05-12T10:09:23","slug":"escola-infantil-el-tabalet","status":"publish","type":"page","link":"https:\/\/cevcam.com\/?page_id=2649","title":{"rendered":"Escola Infantil El Tabalet"},"content":{"rendered":"\n<p>El centre educatiu El Tabalet va ser constru\u00eft a finals dels anys 80 per Caixa Sagunt en territoris de la Mancomunitat de Les Valls mitjan\u00e7ant un conveni.<\/p>\n\n\n\n<p>Al principi funcionava com un centre privat al qual era dif\u00edcil accedir pels seus requisits i restriccions. Com normalment entrava m\u00e9s gent de la comarca en general que de Les Valls, es va regular de manera que tingueren priorat l&#8217;alumnat d&#8217;aquests pobles.<\/p>\n\n\n\n<p>Caixa Sagunt va seguir col\u00b7laborant fins que Conselleria d&#8217;Educaci\u00f3 va comen\u00e7ar a fer-se c\u00e0rrec. A partir d&#8217;aleshores canvi\u00e0 la forma de gesti\u00f3 i el sistema d&#8217;acc\u00e9s al centre va passar a ser com el de la resta d&#8217;escoles infantils.<\/p>\n\n\n\n<figure class=\"wp-block-gallery has-nested-images columns-default is-cropped\">\n<figure class=\"wp-block-image size-large\"><img loading=\"lazy\" width=\"700\" height=\"315\" data-id=\"2664\"  src=\"http:\/\/cevcam.com\/wp-content\/uploads\/2023\/05\/Tabalet.jpeg\" alt=\"\" class=\"wp-image-2664\" srcset=\"https:\/\/cevcam.com\/wp-content\/uploads\/2023\/05\/Tabalet.jpeg 700w, https:\/\/cevcam.com\/wp-content\/uploads\/2023\/05\/Tabalet-300x135.jpeg 300w\" sizes=\"(max-width: 700px) 100vw, 700px\" \/><\/figure>\n\n\n\n<figure class=\"wp-block-image size-full\"><img loading=\"lazy\" width=\"1024\" height=\"754\" data-id=\"2702\"  src=\"http:\/\/cevcam.com\/wp-content\/uploads\/2023\/05\/Ermita-4.jpeg\" alt=\"\" class=\"wp-image-2702\" srcset=\"https:\/\/cevcam.com\/wp-content\/uploads\/2023\/05\/Ermita-4.jpeg 1024w, https:\/\/cevcam.com\/wp-content\/uploads\/2023\/05\/Ermita-4-300x221.jpeg 300w, https:\/\/cevcam.com\/wp-content\/uploads\/2023\/05\/Ermita-4-768x566.jpeg 768w\" sizes=\"(max-width: 1024px) 100vw, 1024px\" \/><\/figure>\n\n\n\n<figure class=\"wp-block-image size-large\"><img loading=\"lazy\" width=\"1024\" height=\"716\" data-id=\"2661\"  src=\"http:\/\/cevcam.com\/wp-content\/uploads\/2023\/05\/tabalet-2.jpeg\" alt=\"\" class=\"wp-image-2661\" srcset=\"https:\/\/cevcam.com\/wp-content\/uploads\/2023\/05\/tabalet-2.jpeg 1024w, https:\/\/cevcam.com\/wp-content\/uploads\/2023\/05\/tabalet-2-300x210.jpeg 300w, https:\/\/cevcam.com\/wp-content\/uploads\/2023\/05\/tabalet-2-768x537.jpeg 768w\" sizes=\"(max-width: 1024px) 100vw, 1024px\" \/><\/figure>\n\n\n\n<figure class=\"wp-block-image size-large\"><img loading=\"lazy\" width=\"1024\" height=\"542\" data-id=\"2663\"  src=\"http:\/\/cevcam.com\/wp-content\/uploads\/2023\/05\/Tabalet-4.jpeg\" alt=\"\" class=\"wp-image-2663\" srcset=\"https:\/\/cevcam.com\/wp-content\/uploads\/2023\/05\/Tabalet-4.jpeg 1024w, https:\/\/cevcam.com\/wp-content\/uploads\/2023\/05\/Tabalet-4-300x159.jpeg 300w, https:\/\/cevcam.com\/wp-content\/uploads\/2023\/05\/Tabalet-4-768x407.jpeg 768w\" sizes=\"(max-width: 1024px) 100vw, 1024px\" \/><\/figure>\n<\/figure>\n","protected":false},"excerpt":{"rendered":"<p>El centre educatiu El Tabalet va ser constru\u00eft a finals dels anys 80 per Caixa Sagunt en territoris de la Mancomunitat de Les <\/p>\n","protected":false},"author":1,"featured_media":2663,"parent":0,"menu_order":0,"comment_status":"closed","ping_status":"closed","template":"","meta":{"_editorskit_title_hidden":true,"_editorskit_reading_time":1,"_editorskit_typography_data":[],"_editorskit_blocks_typography":"","_editorskit_is_block_options_detached":false,"_editorskit_block_options_position":"{}"},"_links":{"self":[{"href":"https:\/\/cevcam.com\/index.php?rest_route=\/wp\/v2\/pages\/2649"}],"collection":[{"href":"https:\/\/cevcam.com\/index.php?rest_route=\/wp\/v2\/pages"}],"about":[{"href":"https:\/\/cevcam.com\/index.php?rest_route=\/wp\/v2\/types\/page"}],"author":[{"embeddable":true,"href":"https:\/\/cevcam.com\/index.php?rest_route=\/wp\/v2\/users\/1"}],"replies":[{"embeddable":true,"href":"https:\/\/cevcam.com\/index.php?rest_route=%2Fwp%2Fv2%2Fcomments&post=2649"}],"version-history":[{"count":4,"href":"https:\/\/cevcam.com\/index.php?rest_route=\/wp\/v2\/pages\/2649\/revisions"}],"predecessor-version":[{"id":2704,"href":"https:\/\/cevcam.com\/index.php?rest_route=\/wp\/v2\/pages\/2649\/revisions\/2704"}],"wp:featuredmedia":[{"embeddable":true,"href":"https:\/\/cevcam.com\/index.php?rest_route=\/wp\/v2\/media\/2663"}],"wp:attachment":[{"href":"https:\/\/cevcam.com\/index.php?rest_route=%2Fwp%2Fv2%2Fmedia&parent=2649"}],"curies":[{"name":"wp","href":"https:\/\/api.w.org\/{rel}","templated":true}]}}