{"id":2638,"date":"2023-05-08T18:07:13","date_gmt":"2023-05-08T18:07:13","guid":{"rendered":"https:\/\/cevcam.com\/?page_id=2638"},"modified":"2023-05-12T09:23:38","modified_gmt":"2023-05-12T09:23:38","slug":"ceip-lermita","status":"publish","type":"page","link":"https:\/\/cevcam.com\/?page_id=2638","title":{"rendered":"CEIP L&#8217;Ermita"},"content":{"rendered":"\n<div class=\"wp-container-69fdcdb81c24e wp-block-buttons\">\n<div class=\"wp-block-button\"><a class=\"wp-block-button__link has-white-color has-vivid-red-background-color has-text-color has-background\" href=\"https:\/\/portal.edu.gva.es\/lermitabenifairo\/\" target=\"_blank\" rel=\"noreferrer noopener\">CEIP L&#8217;Ermita<\/a><\/div>\n<\/div>\n\n\n\n<p>La gent gran de Benifair\u00f3 de les Valls quan rememora els anys en qu\u00e8 estudiaven, conten que anaven separats per g\u00e8nere i estaven repartits en diferents edificis p\u00fablics del nostre poble, com ara a l&#8217;actual biblioteca, l&#8217;antic consultori m\u00e8dic o el Palau.<\/p>\n\n\n\n<p>M\u00e9s endavant, les classes s&#8217;impartien on ara \u00e9s el pavell\u00f3 esportiu municipal. Aquell espai es va anomenar &#8220;Escuela Nacional Don Jos\u00e9 Mic\u00f3&#8221; en mem\u00f2ria d&#8217;un mestre que va haver-hi al poble i enseny\u00e0 als que hui s\u00f3n els avis i \u00e0vies. En enderrocar l&#8217;empla\u00e7ament pel seu mal estat i com que no estava constru\u00eft l&#8217;actual edifici escolar, de nou l&#8217;estudiantat es van distribuir pels edificis p\u00fablics de Benifair\u00f3 en funci\u00f3 del grup, per\u00f2 passaren a ser mixtes. Com a exemple es pot dir que 5\u00e9 estava dalt del metge i de 1r a 4t se situaren a les antigues casetes dels mestres, i utilitzaven com a pati el solar de l&#8217;actual pavell\u00f3.<\/p>\n\n\n\n<p>L&#8217;edifici de l&#8217;escola que tenim hui es va comen\u00e7ar a construir al voltant de 1968-1969 i funcionava com una extensi\u00f3 del col\u00b7legi Sant Vicent Ferrer de Faura. Xics i xiques anaven mesclats en una sola l\u00ednia educativa, ja que en el pla d&#8217;estudis de l&#8217;any 1973 hi hagu\u00e9 una gran inversi\u00f3 i modificaci\u00f3 en l&#8217;\u00e0mbit educatiu a nivell nacional i es van definir els cursos i cicles com els coneixem en l&#8217;actualitat.<\/p>\n\n\n\n<p>L&#8217;edifici de l&#8217;escola va continuar sent extensi\u00f3 del Col\u00b7legi Sant Vicent Ferrer, on un dels seus directors d&#8217;aleshores va ser Juan Ribelles.<\/p>\n\n\n\n<p>Els dos centres educatius es coneixen com a Aulari de Faura i Aulari de Benifair\u00f3, respectivament, fins al novembre de 1999. D&#8217;acord amb una ordre de conselleria, es va marcar la separaci\u00f3 final dels dos centres en eixa data. Aquesta decisi\u00f3 va ser promoguda per la rivalitat existent entre les AMPES dels dos pobles. Els i les mestres donaven classe als dos aularis i hi havia bona relaci\u00f3 entre el claustre, per\u00f2 els pares i mares dels diferents centres dugueren un pas m\u00e9s enll\u00e0 la t\u00edpica i tradicional rivalitat sana que hi ha entre els pobles.<\/p>\n\n\n\n<p>Al claustre del novembre del 99, estant ja el curs comen\u00e7at, el director d&#8217;aleshores, Vicent Garc\u00e9s, va donar la possibilitat de decidir en quin dels dos centres volia quedar-se cadascun dels docents. Ell va decidir anar-se&#8217;n a l&#8217;aulari de Faura, Sant Vicent Ferrer, i en quedar-se l&#8217;aulari de Benifair\u00f3 sense director, va acudir la inspectora d&#8217;aquell moment al centre. La inspectora orden\u00e0 que el nou director o directora havia de ser una persona amb experi\u00e8ncia pr\u00e8via, solament hi havia dues persones: Don Juan, al qual li quedava solament un any de doc\u00e8ncia i no volia encetar un projecte que no podia acabar, i Donya Amor, a la que li quedava poc m\u00e9s de quatre anys de doc\u00e8ncia.<\/p>\n\n\n\n<p>No va ser fins a l&#8217;\u00faltim consell escolar de final de curs del 1999-2000 quan la comunitat educativa va debatre quin nom posar al centre, ja que eixe any era anomenat Col\u00b7legi n\u00fam. 1 de Benifair\u00f3 de les Valls. Per tal d&#8217;evitar noms propis com el que ja havia tingut, Josep Mic\u00f3; el de Sant Gil, pel patr\u00f3 del poble o d&#8217;alguna de les persones m\u00e9s rellevants del municipi com Llu\u00eds Guarner o S\u00e1nchez Coello per tal que fora f\u00e0cil d&#8217;escriure pels xiquets i xiquetes que all\u00ed estudiarien, una de les components del consell va proposar que s&#8217;anomenara com la coneixem hui, CEIP l&#8217;Ermita, per la seua proximitat a l&#8217;edifici m\u00e9s emblem\u00e0tic de Benifair\u00f3 de les Valls.<\/p>\n\n\n\n<p>Cal destacar que ha sigut des d&#8217;eixe moment sempre gestionat per dones. (Amor P\u00e9rez 1999-2004, Lola Garc\u00eda 2004-2007, Tonica Garc\u00eda 2007-2011, Maite Mart\u00edn 2011-2017 i Isabel Peir\u00f3 2017-actualitat)<\/p>\n\n\n\n<p>Durant uns anys va ser una escola incompleta i alguns dels cursos anaven junts a la mateixa classe per proximitat d&#8217;edats. A poc a poc ha anat augmentant el nombre d&#8217;alumnes i s&#8217;ha passat d&#8217;uns 90 a quasi 200 xiquets i xiquetes.<\/p>\n\n\n\n<p>Actualment est\u00e0 en proc\u00e9s la construcci\u00f3 de la nova escola. Prompte l&#8217;alumnat ser\u00e0 traslladat al Pla de l&#8217;Era on s&#8217;instal\u00b7laran barracons per poder impartir les classes mentre el nou edifici es construeix.<\/p>\n\n\n\n<div class=\"wp-block-columns\">\n<div class=\"wp-block-column\">\n<figure class=\"wp-block-image size-full\"><img loading=\"lazy\" width=\"1024\" height=\"576\" src=\"http:\/\/cevcam.com\/wp-content\/uploads\/2023\/05\/Ermita-2.jpeg\" alt=\"\" class=\"wp-image-2655\" srcset=\"https:\/\/cevcam.com\/wp-content\/uploads\/2023\/05\/Ermita-2.jpeg 1024w, https:\/\/cevcam.com\/wp-content\/uploads\/2023\/05\/Ermita-2-300x169.jpeg 300w, https:\/\/cevcam.com\/wp-content\/uploads\/2023\/05\/Ermita-2-768x432.jpeg 768w\" sizes=\"(max-width: 1024px) 100vw, 1024px\" \/><\/figure>\n<\/div>\n\n\n\n<div class=\"wp-block-column\">\n<figure class=\"wp-block-image size-full\"><img loading=\"lazy\" width=\"1024\" height=\"576\" src=\"http:\/\/cevcam.com\/wp-content\/uploads\/2023\/05\/Ermita-3.jpeg\" alt=\"\" class=\"wp-image-2656\" srcset=\"https:\/\/cevcam.com\/wp-content\/uploads\/2023\/05\/Ermita-3.jpeg 1024w, https:\/\/cevcam.com\/wp-content\/uploads\/2023\/05\/Ermita-3-300x169.jpeg 300w, https:\/\/cevcam.com\/wp-content\/uploads\/2023\/05\/Ermita-3-768x432.jpeg 768w\" sizes=\"(max-width: 1024px) 100vw, 1024px\" \/><\/figure>\n<\/div>\n<\/div>\n\n\n\n<div class=\"wp-block-image\"><figure class=\"aligncenter size-full is-resized\"><img loading=\"lazy\" src=\"http:\/\/cevcam.com\/wp-content\/uploads\/2023\/05\/Ermita.jpeg\" alt=\"\" class=\"wp-image-2657\" width=\"334\" height=\"594\" srcset=\"https:\/\/cevcam.com\/wp-content\/uploads\/2023\/05\/Ermita.jpeg 576w, https:\/\/cevcam.com\/wp-content\/uploads\/2023\/05\/Ermita-169x300.jpeg 169w\" sizes=\"(max-width: 334px) 100vw, 334px\" \/><\/figure><\/div>\n","protected":false},"excerpt":{"rendered":"<p>La gent gran de Benifair\u00f3 de les Valls quan rememora els anys en qu\u00e8 estudiaven, conten que anaven separats per g\u00e8nere i estaven <\/p>\n","protected":false},"author":1,"featured_media":2643,"parent":0,"menu_order":0,"comment_status":"closed","ping_status":"closed","template":"","meta":{"_editorskit_title_hidden":true,"_editorskit_reading_time":3,"_editorskit_typography_data":[],"_editorskit_blocks_typography":"","_editorskit_is_block_options_detached":false,"_editorskit_block_options_position":"{}"},"_links":{"self":[{"href":"https:\/\/cevcam.com\/index.php?rest_route=\/wp\/v2\/pages\/2638"}],"collection":[{"href":"https:\/\/cevcam.com\/index.php?rest_route=\/wp\/v2\/pages"}],"about":[{"href":"https:\/\/cevcam.com\/index.php?rest_route=\/wp\/v2\/types\/page"}],"author":[{"embeddable":true,"href":"https:\/\/cevcam.com\/index.php?rest_route=\/wp\/v2\/users\/1"}],"replies":[{"embeddable":true,"href":"https:\/\/cevcam.com\/index.php?rest_route=%2Fwp%2Fv2%2Fcomments&post=2638"}],"version-history":[{"count":4,"href":"https:\/\/cevcam.com\/index.php?rest_route=\/wp\/v2\/pages\/2638\/revisions"}],"predecessor-version":[{"id":2684,"href":"https:\/\/cevcam.com\/index.php?rest_route=\/wp\/v2\/pages\/2638\/revisions\/2684"}],"wp:featuredmedia":[{"embeddable":true,"href":"https:\/\/cevcam.com\/index.php?rest_route=\/wp\/v2\/media\/2643"}],"wp:attachment":[{"href":"https:\/\/cevcam.com\/index.php?rest_route=%2Fwp%2Fv2%2Fmedia&parent=2638"}],"curies":[{"name":"wp","href":"https:\/\/api.w.org\/{rel}","templated":true}]}}