{"id":2588,"date":"2023-03-02T07:14:56","date_gmt":"2023-03-02T07:14:56","guid":{"rendered":"https:\/\/cevcam.com\/?page_id=2588"},"modified":"2023-03-02T10:44:48","modified_gmt":"2023-03-02T10:44:48","slug":"manifest","status":"publish","type":"page","link":"https:\/\/cevcam.com\/?page_id=2588","title":{"rendered":"Manifest"},"content":{"rendered":"\n<h2 id=\"trobades-2023-recuperem-el-verd\">Trobades 2023: Recuperem el verd<\/h2>\n\n\n\n<p>Enguany, les Trobades d\u2019Escola Valenciana reten homenatge a la mestra, ecofeminista, escriptora i defensora de la llengua Carme Miquel. \u201cRecuperem el verd\u201d, m\u00e9s que un lema, \u00e9s una crida a l\u2019acci\u00f3 i un cant a l\u2019esperan\u00e7a en la protecci\u00f3 del planeta, la nostra casa, que es veu amena\u00e7ada per una emerg\u00e8ncia clim\u00e0tica&nbsp; amb unes conseq\u00fc\u00e8ncies que ja patim i que ens urgeixen a actuar.<\/p>\n\n\n\n<p>Per a poder cuidar la nostra terra, ens inspirem en la nostra companya i referent perqu\u00e8 volem situar l\u2019educaci\u00f3 ambiental en el centre de l\u2019acci\u00f3 col\u00b7lectiva pel clima, aquella que ens permetr\u00e0 minvar els efectes d\u2019aquesta crisi. I si b\u00e9 les administracions han d\u2019assumir pol\u00edtiques i desenvolupar mesures de manera urgent per tal de crear nous models de producci\u00f3 i consum, ens cal una consci\u00e8ncia ecologista que situe la vida, i no els diners, com a valor fonamental de l\u2019exist\u00e8ncia. Per aix\u00f2, necessitem con\u00e9ixer, reflexionar i sobretot actuar plegades de manera responsable cada dia.&nbsp;<\/p>\n\n\n\n<p>Reivindiquem una sostenibilitat global, que afecte el medi ambient i, tamb\u00e9, la cultura, la llengua i l\u2019ensenyament, perqu\u00e8 una societat sostenible \u00e9s aquella que no hipoteca els seus b\u00e9ns a les generacions futures i que, per tant, cuida el territori i la salut de la seua gent. Davant de la globalitzaci\u00f3 depredadora, protegim i defensem el patrimoni natural, el cultural i el ling\u00fc\u00edstic.<\/p>\n\n\n\n<p>Carme Miquel \u00e9s una de milers d\u2019activistes que van lluitar pel valenci\u00e0 a l\u2019escola, una llengua que \u00e9s molt m\u00e9s que una eina de comunicaci\u00f3; representa l\u2019expressi\u00f3 del nostre m\u00f3n, d\u2019all\u00f2 que fem, sentim i compartim, de la nostra identitat.&nbsp; La llengua est\u00e0 pertot arreu: impregna les nostres valls, les nostres llegendes, els nostres afectes\u2026<\/p>\n\n\n\n<p>El valenci\u00e0, com la terra que habitem, es troba en una situaci\u00f3 de feblesa extrema. Qui defensem la protecci\u00f3 i recuperaci\u00f3 de la biodiversitat ecol\u00f2gica, no podem sin\u00f3 defensar la biodiversitat ling\u00fc\u00edstica. Les Trobades 2023 esdevenen un clam per a caminar cap a l\u2019endem\u00e0 amb alegria i il\u00b7lusi\u00f3, malgrat la foscor d\u2019aquells relats que ens volen poregoses i imm\u00f2bils. Aix\u00ed, fem servir el s\u00edmbol de l\u2019empelt com l\u2019arbre nou que resulta de la uni\u00f3 del teixit inserit en el vell, que \u00e9s el que ens agradaria poder empeltar en el jovent: la nostra estima pel territori, la cultura i la llengua que ens s\u00f3n propis, ens fan diferents i aporten al m\u00f3n tanta riquesa.&nbsp;<\/p>\n\n\n\n<p>Amb orgull i convicci\u00f3, hui continuem la tasca de tantes mestres, fam\u00edlies i activistes per a situar el valenci\u00e0 al centre del sistema educatiu. Aquest \u00e9s l\u2019\u00fanic model d\u2019excel\u00b7l\u00e8ncia que garantir\u00e0 un futur valenci\u00e0 sostenible, saludable i bell.<\/p>\n\n\n\n<p>L\u2019exemple de Carme Miquel en la defensa de just\u00edcia global i el b\u00e9 com\u00fa des de l\u2019educaci\u00f3 i l\u2019activisme, amb fermesa i somriures, ens acompanya per tal despertar consci\u00e8ncies i unir-nos per a sostenir, entre totes, la nostra llar. Recuperem el verd, fem el futur!&nbsp;<\/p>\n\n\n\n<div class=\"wp-container-69eb78f494936 wp-block-buttons\">\n<div class=\"wp-block-button\"><a class=\"wp-block-button__link has-blush-bordeaux-gradient-background has-background\" href=\"https:\/\/cevcam.com\/?page_id=560\">Trobades<\/a><\/div>\n<\/div>\n","protected":false},"excerpt":{"rendered":"<p>Trobades 2023: Recuperem el verd Enguany, les Trobades d\u2019Escola Valenciana reten homenatge a la mestra, ecofeminista, escriptora i defensora de la llengua Carme <\/p>\n","protected":false},"author":1,"featured_media":2557,"parent":0,"menu_order":0,"comment_status":"closed","ping_status":"closed","template":"","meta":{"_editorskit_title_hidden":false,"_editorskit_reading_time":2,"_editorskit_typography_data":[],"_editorskit_blocks_typography":"","_editorskit_is_block_options_detached":false,"_editorskit_block_options_position":"{}"},"_links":{"self":[{"href":"https:\/\/cevcam.com\/index.php?rest_route=\/wp\/v2\/pages\/2588"}],"collection":[{"href":"https:\/\/cevcam.com\/index.php?rest_route=\/wp\/v2\/pages"}],"about":[{"href":"https:\/\/cevcam.com\/index.php?rest_route=\/wp\/v2\/types\/page"}],"author":[{"embeddable":true,"href":"https:\/\/cevcam.com\/index.php?rest_route=\/wp\/v2\/users\/1"}],"replies":[{"embeddable":true,"href":"https:\/\/cevcam.com\/index.php?rest_route=%2Fwp%2Fv2%2Fcomments&post=2588"}],"version-history":[{"count":3,"href":"https:\/\/cevcam.com\/index.php?rest_route=\/wp\/v2\/pages\/2588\/revisions"}],"predecessor-version":[{"id":2602,"href":"https:\/\/cevcam.com\/index.php?rest_route=\/wp\/v2\/pages\/2588\/revisions\/2602"}],"wp:featuredmedia":[{"embeddable":true,"href":"https:\/\/cevcam.com\/index.php?rest_route=\/wp\/v2\/media\/2557"}],"wp:attachment":[{"href":"https:\/\/cevcam.com\/index.php?rest_route=%2Fwp%2Fv2%2Fmedia&parent=2588"}],"curies":[{"name":"wp","href":"https:\/\/api.w.org\/{rel}","templated":true}]}}