{"id":2544,"date":"2022-12-02T18:14:31","date_gmt":"2022-12-02T18:14:31","guid":{"rendered":"https:\/\/cevcam.com\/?page_id=2544"},"modified":"2022-12-02T18:46:10","modified_gmt":"2022-12-02T18:46:10","slug":"ceip-santa-ana","status":"publish","type":"page","link":"https:\/\/cevcam.com\/?page_id=2544","title":{"rendered":"CEIP Santa Anna"},"content":{"rendered":"\n<div class=\"wp-container-69e5069c50bfc wp-block-buttons\">\n<div class=\"wp-block-button\"><a class=\"wp-block-button__link has-blush-bordeaux-gradient-background has-background\" href=\"https:\/\/portal.edu.gva.es\/ceipsantaanna\/\" target=\"_blank\" rel=\"noreferrer noopener\">CEIP Santa Anna<\/a><\/div>\n\n\n\n<div class=\"wp-block-button\"><a class=\"wp-block-button__link has-blush-bordeaux-gradient-background has-background\" href=\"https:\/\/portal.edu.gva.es\/ceipsantaanna\/projecte-radio-escola\/\" target=\"_blank\" rel=\"noreferrer noopener\">Projecte R\u00e0dio Escola<\/a><\/div>\n<\/div>\n\n\n\n<h2 id=\"resum-historic\">RESUM HIST\u00d2RIC<\/h2>\n\n\n\n<p><strong>Anys 40: <\/strong><\/p>\n\n\n\n<p>Encara no exist\u00eda l&#8217;edifici de l&#8217;escola. Els xics i les xiques estaven separats. L&#8217;alcalde, el metge i el rector tenien un paper important en les decisions que es prenien a l&#8217;escola. Els alumnes estaven repartits en baixos de l&#8217;a juntament. Hi havia molt d&#8217; absentisme.<\/p>\n\n\n\n<p><strong>Anys 50: <\/strong><\/p>\n\n\n\n<p>Es van construir vivendes per a mestres nacionals. Es parla de construir un edifici<br>escolar. Al 57 per part de la lnspecci\u00f3 s&#8217;agilitzen els tramits per a la construcci\u00f3 del nou edifici. Al 58 s&#8217;inauguren les cases dels mestres.<\/p>\n\n\n\n<p><strong>Anys 60: <\/strong><\/p>\n\n\n\n<p>En 1964 s&#8217;anomena al primer director: D. Enrique Ferri Sirera. El 1968 es va aconseguir la pavimentaci\u00f3 del pati i obrir una porta de comunicaci\u00f3 entre les dos parts en que estava dividit el pati escolar. Abans servia per separar el dels xics i xiques.<\/p>\n\n\n\n<p><strong>Anys 70: <\/strong><\/p>\n\n\n\n<p>En 1973 les tres escoles de Quart, Quartell i Benavites formen una agrupaci\u00f3 escolar amb sols un director. El 15-10-74 es crea I&#8217;escola com a Col.legi Nacional Santa Ana, amb 8 unitats d&#8217;EGB i 1 de Parvuls. Al 1977, es comen\u00e7\u00e0 a donar algunes classes en llengua vernacula valenciana.<\/p>\n\n\n\n<p><strong>Anys 80: <\/strong><\/p>\n\n\n\n<p>En 1984, amb la publicaci\u00f3 de la Llei d&#8217;\u00fas i Ensenyament del Valenci\u00e0, es va elegir fer l&#8217;ensenyament en valencia. Quartell es queda com a escola \u00fanica, separat de Quart i Benavites. Els pares i mares fan moltes activitats per l&#8217;escola i es crea el Consell escolar. L&#8217;any 1988 es crea el menjador escolar.<\/p>\n\n\n\n<p><strong>Anys 90: <\/strong><\/p>\n\n\n\n<p>\u2022 Quan no hi havia mestre de m\u00fasica, un membre de la banda donava classe als alumnes de I&#8217; escola.<br>\u2022 Junt als Centres de Quart i Benavites forma part d&#8217;un PAEP (Projecte d&#8217;Acci\u00f3 Educativa Preferent) de singularitat rural, la qual cosa ens va permetre compartir mestre d&#8217;educaci\u00f3 f\u00edsica, m\u00fasica i psic\u00f2leg.<br>\u2022 Comen\u00e7\u00e0 I&#8217;experi\u00e8ncia d&#8217;anar alguns grups d&#8217;alumnes i mestres a passar jornades senceres de conviv\u00e8ncia fora de I&#8217;ambit escolar.<br>\u2022 S&#8217;introduisen les classes d&#8217;angl\u00e9s de manera experimental en 5\u00e9 i nataci\u00f3 al Port de Sagunt amb els alumnes de 1r a 5\u00e9 de prim\u00e0ria.<br>\u2022 Competicions esportives en altres escoles de les Valls.<br>\u2022 S&#8217;incorporen, durant el curs 1994-95, tamb\u00e9 al centre els alumnes de tres anys i els de sis\u00e9 .<br>\u2022 Cap a finals de la d\u00e9cada, en el curs 1997-98, els especialistes de les \u00e0rees de m\u00fasica i d&#8217;educaci\u00f3 f\u00edsica, junt a la d&#8217;angl\u00e9s passen a formar part del claustre<br>\u2022 1998, el Col.legi d&#8217;Ed. Prim\u00e0ria Santa Anna de Quartell \u00e9s adscrit, a l&#8217;I.E.S. La Vall de Seg\u00f3 .<\/p>\n\n\n\n<p><strong>Canviant de segle: <\/strong><\/p>\n\n\n\n<p>Arribats al curs 2004-05,  \u00e9s ja un centre amb tres unitats d&#8217;infantil, sis de prim\u00e0ria, especialistes de m\u00fasica, angl\u00e9s, religi\u00f3, educaci\u00f3 f\u00edsica i pedagogia terap\u00e9utica a temps total. \u00c9s ara ja s\u00ed un Centre complet, seguint el PEV (Programa d&#8217;Ensenyament en Valencia).<\/p>\n\n\n\n<p>Al curs 2006-07, el Centre canvia la seua denominaci\u00f3 a Col.legi d&#8217;Educaci\u00f3 lnfantil i Prim\u00e0ria (C.E.I.P.) i \u00e9s ja al curs 2009-10 quan cessa la llei d&#8217;educaci\u00f3 L0GSE i comen\u00e7\u00e0 a aplicar-se la nova llei L0E, establim contacte amb  l&#8217;E0I de Sagunt, amb l&#8217;aula del mar de Benicassim, amb la Domus Baebia.<\/p>\n\n\n\n<p>\u2022 Actualment. treballem amb col.laboraci\u00f3 amb el CEFIRE.<br>\u2022 Aules dotades de rcursos TIC.<br>\u2022 Participem en programes de Conselleria com el projecte de Pilota Valenciana. <\/p>\n\n\n\n<p>\u2022 Treballem a partir de la L0ML0E.<br>\u2022 Fem projectes interdisciplinaris.<\/p>\n\n\n\n<div class=\"wp-container-69e5069c50f52 wp-block-buttons\">\n<div class=\"wp-block-button\"><a class=\"wp-block-button__link has-vivid-red-background-color has-background\" href=\"https:\/\/cevcam.com\/\">Inici<\/a><\/div>\n<\/div>\n","protected":false},"excerpt":{"rendered":"<p>RESUM HIST\u00d2RIC Anys 40: Encara no exist\u00eda l&#8217;edifici de l&#8217;escola. Els xics i les xiques estaven separats. L&#8217;alcalde, el metge i el rector <\/p>\n","protected":false},"author":1,"featured_media":2552,"parent":0,"menu_order":0,"comment_status":"closed","ping_status":"closed","template":"","meta":{"_editorskit_title_hidden":false,"_editorskit_reading_time":2,"_editorskit_typography_data":[],"_editorskit_blocks_typography":"","_editorskit_is_block_options_detached":false,"_editorskit_block_options_position":"{}"},"_links":{"self":[{"href":"https:\/\/cevcam.com\/index.php?rest_route=\/wp\/v2\/pages\/2544"}],"collection":[{"href":"https:\/\/cevcam.com\/index.php?rest_route=\/wp\/v2\/pages"}],"about":[{"href":"https:\/\/cevcam.com\/index.php?rest_route=\/wp\/v2\/types\/page"}],"author":[{"embeddable":true,"href":"https:\/\/cevcam.com\/index.php?rest_route=\/wp\/v2\/users\/1"}],"replies":[{"embeddable":true,"href":"https:\/\/cevcam.com\/index.php?rest_route=%2Fwp%2Fv2%2Fcomments&post=2544"}],"version-history":[{"count":6,"href":"https:\/\/cevcam.com\/index.php?rest_route=\/wp\/v2\/pages\/2544\/revisions"}],"predecessor-version":[{"id":2555,"href":"https:\/\/cevcam.com\/index.php?rest_route=\/wp\/v2\/pages\/2544\/revisions\/2555"}],"wp:featuredmedia":[{"embeddable":true,"href":"https:\/\/cevcam.com\/index.php?rest_route=\/wp\/v2\/media\/2552"}],"wp:attachment":[{"href":"https:\/\/cevcam.com\/index.php?rest_route=%2Fwp%2Fv2%2Fmedia&parent=2544"}],"curies":[{"name":"wp","href":"https:\/\/api.w.org\/{rel}","templated":true}]}}