{"id":2445,"date":"2022-10-07T07:05:57","date_gmt":"2022-10-07T07:05:57","guid":{"rendered":"https:\/\/cevcam.com\/?page_id=2445"},"modified":"2023-05-12T09:33:22","modified_gmt":"2023-05-12T09:33:22","slug":"cra-pena-escabia","status":"publish","type":"page","link":"https:\/\/cevcam.com\/?page_id=2445","title":{"rendered":"CRA PE\u00d1A ESCABIA"},"content":{"rendered":"\n<p class=\"has-text-align-justify\">Comen\u00e7a la seua activitat l\u2019any escolar 2002, per tant compleix enguany vint anys. Est\u00e0 format per cinc aularis: Barracas, Bejis, Teresa, Tor\u00e0s i El Toro Els cinc centres del CRA pertanyen a la comarca de l\u2019Alto Pal\u00e0ncia, de Castell\u00f3, que com sabem \u00e9s una comarca castellanoparlant. S\u00f3n poblacions menudes que gaudeixen del privilegi de la natura i a m\u00e9s de l\u2019acc\u00e9s a tots els serveis per la bona comunicaci\u00f3. Els 241 habitants del Toro amb un increment molt gran de poblaci\u00f3 provinent de diferents pa\u00efsos d\u2019Europa, per\u00f2 sobretot de Brasil, Els 185 de Barraques, els 390 de Bejis, 232 de Tor\u00e0s i 247 de Teresa configuren el CRA amb 62 alumnes entre Infantil i Prim\u00e0ria. Un m\u00f3n rural com aquest permet l\u2019elaboraci\u00f3 de projectes arrelats a l\u2019entorn i aix\u00ed ho fan . Tenen propostes molt engrescadores que vos van a presentar.<\/p>\n\n\n\n<div class=\"wp-block-file\"><object class=\"wp-block-file__embed\" data=\"http:\/\/cevcam.com\/wp-content\/uploads\/2022\/10\/PORFOLIO-EUROPEU-DE-LLENGUES-OPORTUNITATS-PER-A-LESCOLA-RURAL.pdf\" type=\"application\/pdf\" style=\"width:100%;height:600px\" aria-label=\"Incrustaci\u00f3 del fitxer PORFOLIO EUROPEU DE LLENGUES, OPORTUNITATS PER A L'ESCOLA RURAL.\"><\/object><a id=\"wp-block-file--media-66df8578-6da6-4781-b5b6-010820310d91\" href=\"http:\/\/cevcam.com\/wp-content\/uploads\/2022\/10\/PORFOLIO-EUROPEU-DE-LLENGUES-OPORTUNITATS-PER-A-LESCOLA-RURAL.pdf\" target=\"_blank\" rel=\"noreferrer noopener\">PORFOLIO EUROPEU DE LLENGUES, OPORTUNITATS PER A L&#8217;ESCOLA RURAL<\/a><a href=\"http:\/\/cevcam.com\/wp-content\/uploads\/2022\/10\/PORFOLIO-EUROPEU-DE-LLENGUES-OPORTUNITATS-PER-A-LESCOLA-RURAL.pdf\" class=\"wp-block-file__button\" download aria-describedby=\"wp-block-file--media-66df8578-6da6-4781-b5b6-010820310d91\">Baixa<\/a><\/div>\n\n\n\n<div class=\"wp-container-69e533070a870 wp-block-buttons\">\n<div class=\"wp-block-button\"><a class=\"wp-block-button__link has-vivid-red-background-color has-background\">Compartim exper\u00e8ncies<\/a><\/div>\n\n\n\n<div class=\"wp-block-button\"><a class=\"wp-block-button__link has-vivid-red-background-color has-background\" href=\"https:\/\/cevcam.com\/?page_id=2426\">Anterior<\/a><\/div>\n<\/div>\n","protected":false},"excerpt":{"rendered":"<p>Comen\u00e7a la seua activitat l\u2019any escolar 2002, per tant compleix enguany vint anys. Est\u00e0 format per cinc aularis: Barracas, Bejis, Teresa, Tor\u00e0s i <\/p>\n","protected":false},"author":1,"featured_media":2447,"parent":0,"menu_order":0,"comment_status":"closed","ping_status":"closed","template":"","meta":{"_editorskit_title_hidden":true,"_editorskit_reading_time":1,"_editorskit_typography_data":[],"_editorskit_blocks_typography":"","_editorskit_is_block_options_detached":false,"_editorskit_block_options_position":"{}"},"_links":{"self":[{"href":"https:\/\/cevcam.com\/index.php?rest_route=\/wp\/v2\/pages\/2445"}],"collection":[{"href":"https:\/\/cevcam.com\/index.php?rest_route=\/wp\/v2\/pages"}],"about":[{"href":"https:\/\/cevcam.com\/index.php?rest_route=\/wp\/v2\/types\/page"}],"author":[{"embeddable":true,"href":"https:\/\/cevcam.com\/index.php?rest_route=\/wp\/v2\/users\/1"}],"replies":[{"embeddable":true,"href":"https:\/\/cevcam.com\/index.php?rest_route=%2Fwp%2Fv2%2Fcomments&post=2445"}],"version-history":[{"count":5,"href":"https:\/\/cevcam.com\/index.php?rest_route=\/wp\/v2\/pages\/2445\/revisions"}],"predecessor-version":[{"id":2689,"href":"https:\/\/cevcam.com\/index.php?rest_route=\/wp\/v2\/pages\/2445\/revisions\/2689"}],"wp:featuredmedia":[{"embeddable":true,"href":"https:\/\/cevcam.com\/index.php?rest_route=\/wp\/v2\/media\/2447"}],"wp:attachment":[{"href":"https:\/\/cevcam.com\/index.php?rest_route=%2Fwp%2Fv2%2Fmedia&parent=2445"}],"curies":[{"name":"wp","href":"https:\/\/api.w.org\/{rel}","templated":true}]}}