{"id":2426,"date":"2022-10-04T08:06:00","date_gmt":"2022-10-04T08:06:00","guid":{"rendered":"https:\/\/cevcam.com\/?page_id=2426"},"modified":"2022-10-07T07:10:39","modified_gmt":"2022-10-07T07:10:39","slug":"ceip-victoria-i-j-rodrigo","status":"publish","type":"page","link":"https:\/\/cevcam.com\/?page_id=2426","title":{"rendered":"CEIP Vict\u00f2ria i J Rodrigo"},"content":{"rendered":"\n<p class=\"has-text-align-justify\">Seguim amb la pon\u00e8ncia del col\u00b7legi Vict\u00f2ria i Joaquim Rodrigo del Port de Sagunt. Fou un dels primers centres en la localitat en aplicar el Programa de Compensaci\u00f3 Educativa i posteriorment tamb\u00e9 va ser centre coordinador. El seu alumnat \u00e9s en la seua majoria castellanoparlant i compta amb un alt nombre d\u2019alumnat immigrant que desconeix una o ambdues lleng\u00fces oficials. No obstant aix\u00f2, el centre porta una traject\u00f2ria de molts anys en potenciar el coneixement i l\u2019\u00fas del valenci\u00e0 com a llengua vehicular. Els darrers cursos el Claustre ha sigut canviant per\u00f2 sempre amb una gran implicaci\u00f3, esfor\u00e7ant-se dia a dia per proporcionar un entorn enriquidor perqu\u00e8 l\u2019alumnat puga desenvolupar-se tant a nivell acad\u00e8mic com personal. Rosana Lacoba, mestra d\u2019Educaci\u00f3 F\u00edsica i de Prim\u00e0ria, s\u2019incorpor\u00e0 en el 2020 al centre, est\u00e0 titulada tamb\u00e9 com a mediadora escolar i \u00e9s especialista en educaci\u00f3 emocional. Utilitza la mediaci\u00f3 escolar com estrat\u00e8gia de prevenci\u00f3 de l\u2019assetjament escolar, partint de la gesti\u00f3 emocional com a base principal. Ha creat diferents materials que engloba dins el seu projecte Compta amb mi i que a continuaci\u00f3 compartir\u00e0 amb totes i tots nosaltres. Done pas a la meua companya Rosana. Quan vulgues..<\/p>\n\n\n\n<div class=\"wp-block-file\"><object class=\"wp-block-file__embed\" data=\"http:\/\/cevcam.com\/wp-content\/uploads\/2022\/10\/Compta-amb-mi2022.pdf\" type=\"application\/pdf\" style=\"width:100%;height:600px\" aria-label=\"Incrustado de Compta amb mi2022.\"><\/object><a id=\"wp-block-file--media-9be420de-d7ec-4898-ae22-69df682e7c15\" href=\"http:\/\/cevcam.com\/wp-content\/uploads\/2022\/10\/Compta-amb-mi2022.pdf\">Compta amb mi2022<\/a><a href=\"http:\/\/cevcam.com\/wp-content\/uploads\/2022\/10\/Compta-amb-mi2022.pdf\" class=\"wp-block-file__button\" download aria-describedby=\"wp-block-file--media-9be420de-d7ec-4898-ae22-69df682e7c15\">Descarga<\/a><\/div>\n\n\n\n<div class=\"wp-container-69e5197f485d5 wp-block-buttons\">\n<div class=\"wp-block-button\"><a class=\"wp-block-button__link has-vivid-red-background-color has-background\" href=\"https:\/\/cevcam.com\/?page_id=2298\">Compartim experi\u00e8ncies<\/a><\/div>\n\n\n\n<div class=\"wp-block-button\"><a class=\"wp-block-button__link has-vivid-red-background-color has-background\" href=\"https:\/\/cevcam.com\/?page_id=2445\">Seg\u00fcent<\/a><\/div>\n\n\n\n<div class=\"wp-block-button\"><a class=\"wp-block-button__link has-vivid-red-background-color has-background\" href=\"https:\/\/cevcam.com\/?page_id=2419\">Anterior<\/a><\/div>\n<\/div>\n\n\n\n<p><\/p>\n","protected":false},"excerpt":{"rendered":"<p>Seguim amb la pon\u00e8ncia del col\u00b7legi Vict\u00f2ria i Joaquim Rodrigo del Port de Sagunt. Fou un dels primers centres en la localitat en <\/p>\n","protected":false},"author":1,"featured_media":2428,"parent":0,"menu_order":0,"comment_status":"closed","ping_status":"closed","template":"","meta":{"_editorskit_title_hidden":false,"_editorskit_reading_time":1,"_editorskit_typography_data":[],"_editorskit_blocks_typography":"","_editorskit_is_block_options_detached":false,"_editorskit_block_options_position":"{}"},"_links":{"self":[{"href":"https:\/\/cevcam.com\/index.php?rest_route=\/wp\/v2\/pages\/2426"}],"collection":[{"href":"https:\/\/cevcam.com\/index.php?rest_route=\/wp\/v2\/pages"}],"about":[{"href":"https:\/\/cevcam.com\/index.php?rest_route=\/wp\/v2\/types\/page"}],"author":[{"embeddable":true,"href":"https:\/\/cevcam.com\/index.php?rest_route=\/wp\/v2\/users\/1"}],"replies":[{"embeddable":true,"href":"https:\/\/cevcam.com\/index.php?rest_route=%2Fwp%2Fv2%2Fcomments&post=2426"}],"version-history":[{"count":4,"href":"https:\/\/cevcam.com\/index.php?rest_route=\/wp\/v2\/pages\/2426\/revisions"}],"predecessor-version":[{"id":2453,"href":"https:\/\/cevcam.com\/index.php?rest_route=\/wp\/v2\/pages\/2426\/revisions\/2453"}],"wp:featuredmedia":[{"embeddable":true,"href":"https:\/\/cevcam.com\/index.php?rest_route=\/wp\/v2\/media\/2428"}],"wp:attachment":[{"href":"https:\/\/cevcam.com\/index.php?rest_route=%2Fwp%2Fv2%2Fmedia&parent=2426"}],"curies":[{"name":"wp","href":"https:\/\/api.w.org\/{rel}","templated":true}]}}