{"id":2419,"date":"2022-10-04T07:54:21","date_gmt":"2022-10-04T07:54:21","guid":{"rendered":"https:\/\/cevcam.com\/?page_id=2419"},"modified":"2023-05-22T06:31:14","modified_gmt":"2023-05-22T06:31:14","slug":"ies-vall-de-sego","status":"publish","type":"page","link":"https:\/\/cevcam.com\/?page_id=2419","title":{"rendered":"IES VALL DE SEG\u00d3"},"content":{"rendered":"\n<div class=\"wp-container-69e503b6783d6 wp-block-buttons\">\n<div class=\"wp-block-button\"><a class=\"wp-block-button__link has-vivid-red-background-color has-background\" href=\"https:\/\/ieslavalldesego.es\/\" target=\"_blank\" rel=\"noreferrer noopener\">IES Vall de Seg\u00f3<\/a><\/div>\n<\/div>\n\n\n\n<p>A Les Valls, sis\u00e9, set\u00e9 i huit\u00e9 s&#8217;impartia barrejant els xiquets i xiquetes pels pobles depenent del nombre d&#8217;alumnes del qual ja disposava cada municipi. No hi havia cap centre concret en cap de les poblacions.<\/p>\n\n\n\n<p>Cap a finals dels anys 80, es va crear l&#8217;edifici central de l&#8217;actual institut per concentrar la segona etapa dels cinc pobles de les Valls en un mateix centre. Aleshores s&#8217;anomenava Col\u00b7legi P\u00fablic Mancomunitat de les Valls i all\u00ed s&#8217;impartia l&#8217;EGB. L&#8217;any 1994 entra en vigor la LOGSE i ja comen\u00e7a a nomenar-se a eixa etapa educativa Educaci\u00f3 Secund\u00e0ria Obligat\u00f2ria, per\u00f2 van ser un parell d&#8217;anys un poc bojos a causa de la manera de redistribuir el personal docent per les escoles dels cinc pobles en funci\u00f3 de les necessitats de cada escola. Si per exemple els faltava una mestra d&#8217;angl\u00e9s en una escola, assignaven a una de les de la Mancomunitat.<\/p>\n\n\n\n<p>L&#8217;any 1995 es fusion\u00e0 una extensi\u00f3 que ja hi havia all\u00ed de B.U.P. del Clot del Moro amb el C.P. Mancomunitat de les Valls, situat al mateix recinte. Pr\u00e0cticament compartien el pati, ja que solament els separava una tanca met\u00e0l\u00b7lica.<\/p>\n\n\n\n<p>L&#8217;any 1996 es decreta la suspensi\u00f3 del C.P., convertint-se aix\u00ed tota la zona en I.E.S. A m\u00e9s, es va dur a terme una ampliaci\u00f3 per tal d&#8217;eliminar els barracons que s&#8217;instal\u00b7laren provisionalment per poder abastar a tot l&#8217;estudiantat.<\/p>\n\n\n\n<p>Despr\u00e9s d&#8217;uns anys, a partir del 2001, \u00e9s quan passa a anomenar-se com el coneixem hui en dia, I.E.S. La Vall de Seg\u00f3.<\/p>\n\n\n\n<p>Aquest edifici \u00e9s el m\u00e9s nou de tots els centres educatius qui hi ha a Benifair\u00f3 de les Valls.<\/p>\n\n\n\n<div style=\"height:12px\" aria-hidden=\"true\" class=\"wp-block-spacer\"><\/div>\n\n\n\n<figure class=\"wp-block-gallery has-nested-images columns-default is-cropped\">\n<figure class=\"wp-block-image size-large\"><img loading=\"lazy\" width=\"379\" height=\"409\" data-id=\"2658\"  src=\"http:\/\/cevcam.com\/wp-content\/uploads\/2023\/05\/IES-2.jpeg\" alt=\"\" class=\"wp-image-2658\" srcset=\"https:\/\/cevcam.com\/wp-content\/uploads\/2023\/05\/IES-2.jpeg 379w, https:\/\/cevcam.com\/wp-content\/uploads\/2023\/05\/IES-2-278x300.jpeg 278w\" sizes=\"(max-width: 379px) 100vw, 379px\" \/><\/figure>\n\n\n\n<figure class=\"wp-block-image size-large\"><img loading=\"lazy\" width=\"810\" height=\"542\" data-id=\"2659\"  src=\"http:\/\/cevcam.com\/wp-content\/uploads\/2023\/05\/IES-3.jpeg\" alt=\"\" class=\"wp-image-2659\" srcset=\"https:\/\/cevcam.com\/wp-content\/uploads\/2023\/05\/IES-3.jpeg 810w, https:\/\/cevcam.com\/wp-content\/uploads\/2023\/05\/IES-3-300x201.jpeg 300w, https:\/\/cevcam.com\/wp-content\/uploads\/2023\/05\/IES-3-768x514.jpeg 768w\" sizes=\"(max-width: 810px) 100vw, 810px\" \/><\/figure>\n\n\n\n<figure class=\"wp-block-image size-large\"><img loading=\"lazy\" width=\"747\" height=\"521\" data-id=\"2660\"  src=\"http:\/\/cevcam.com\/wp-content\/uploads\/2023\/05\/IES.jpeg\" alt=\"\" class=\"wp-image-2660\" srcset=\"https:\/\/cevcam.com\/wp-content\/uploads\/2023\/05\/IES.jpeg 747w, https:\/\/cevcam.com\/wp-content\/uploads\/2023\/05\/IES-300x209.jpeg 300w\" sizes=\"(max-width: 747px) 100vw, 747px\" \/><\/figure>\n<\/figure>\n\n\n\n<div style=\"height:45px\" aria-hidden=\"true\" class=\"wp-block-spacer\"><\/div>\n\n\n\n<div class=\"wp-block-file\"><object class=\"wp-block-file__embed\" data=\"http:\/\/cevcam.com\/wp-content\/uploads\/2022\/10\/Presentacio-4-7-2022-no-video.pdf\" type=\"application\/pdf\" style=\"width:100%;height:600px\" aria-label=\"Incrustaci\u00f3 del fitxer RRRacoNets.\"><\/object><a id=\"wp-block-file--media-1415cf13-8a11-4daa-af4c-22e6f3148c6a\" href=\"http:\/\/cevcam.com\/wp-content\/uploads\/2022\/10\/Presentacio-4-7-2022-no-video.pdf\" target=\"_blank\" rel=\"noreferrer noopener\">RRRacoNets<\/a><a href=\"http:\/\/cevcam.com\/wp-content\/uploads\/2022\/10\/Presentacio-4-7-2022-no-video.pdf\" class=\"wp-block-file__button\" download aria-describedby=\"wp-block-file--media-1415cf13-8a11-4daa-af4c-22e6f3148c6a\">Baixa<\/a><\/div>\n\n\n\n<div class=\"wp-container-69e503b6786fe wp-block-buttons\">\n<div class=\"wp-block-button\"><a class=\"wp-block-button__link has-vivid-red-background-color has-background\" href=\"cevcam.com\/?page_id=2298\">Comparttim exper\u00e8ncies<\/a><\/div>\n\n\n\n<div class=\"wp-block-button\"><a class=\"wp-block-button__link has-vivid-red-background-color has-background\" href=\"https:\/\/cevcam.com\/?page_id=2426\">Seg\u00fcent<\/a><\/div>\n\n\n\n<div class=\"wp-block-button\"><a class=\"wp-block-button__link has-vivid-red-background-color has-background\" href=\"https:\/\/cevcam.com\/?page_id=2411\">Anterior<\/a><\/div>\n<\/div>\n","protected":false},"excerpt":{"rendered":"<p>A Les Valls, sis\u00e9, set\u00e9 i huit\u00e9 s&#8217;impartia barrejant els xiquets i xiquetes pels pobles depenent del nombre d&#8217;alumnes del qual ja disposava <\/p>\n","protected":false},"author":1,"featured_media":2647,"parent":0,"menu_order":0,"comment_status":"closed","ping_status":"closed","template":"","meta":{"_editorskit_title_hidden":true,"_editorskit_reading_time":1,"_editorskit_typography_data":[],"_editorskit_blocks_typography":"","_editorskit_is_block_options_detached":false,"_editorskit_block_options_position":"{}"},"_links":{"self":[{"href":"https:\/\/cevcam.com\/index.php?rest_route=\/wp\/v2\/pages\/2419"}],"collection":[{"href":"https:\/\/cevcam.com\/index.php?rest_route=\/wp\/v2\/pages"}],"about":[{"href":"https:\/\/cevcam.com\/index.php?rest_route=\/wp\/v2\/types\/page"}],"author":[{"embeddable":true,"href":"https:\/\/cevcam.com\/index.php?rest_route=\/wp\/v2\/users\/1"}],"replies":[{"embeddable":true,"href":"https:\/\/cevcam.com\/index.php?rest_route=%2Fwp%2Fv2%2Fcomments&post=2419"}],"version-history":[{"count":16,"href":"https:\/\/cevcam.com\/index.php?rest_route=\/wp\/v2\/pages\/2419\/revisions"}],"predecessor-version":[{"id":2723,"href":"https:\/\/cevcam.com\/index.php?rest_route=\/wp\/v2\/pages\/2419\/revisions\/2723"}],"wp:featuredmedia":[{"embeddable":true,"href":"https:\/\/cevcam.com\/index.php?rest_route=\/wp\/v2\/media\/2647"}],"wp:attachment":[{"href":"https:\/\/cevcam.com\/index.php?rest_route=%2Fwp%2Fv2%2Fmedia&parent=2419"}],"curies":[{"name":"wp","href":"https:\/\/api.w.org\/{rel}","templated":true}]}}