{"id":1526,"date":"2022-03-04T09:05:50","date_gmt":"2022-03-04T09:05:50","guid":{"rendered":"https:\/\/cevcam.com\/?page_id=1526"},"modified":"2022-03-10T15:02:41","modified_gmt":"2022-03-10T15:02:41","slug":"ceip-les-palmeres","status":"publish","type":"page","link":"https:\/\/cevcam.com\/?page_id=1526","title":{"rendered":"CEIP Les Palmeres"},"content":{"rendered":"\n<div class=\"wp-container-69fc2efe6bfa1 wp-block-buttons\">\n<div class=\"wp-block-button\"><a class=\"wp-block-button__link has-vivid-red-background-color has-background\">CEIP Les Palmeres<\/a><\/div>\n<\/div>\n\n\n\n<h2 id=\"resum-historic\">RESUM HIST\u00d2RIC<\/h2>\n\n\n\n<p><strong>2010:<\/strong> Construcci\u00f3 de l\u2019escola p\u00fablica CEIP Les Palmeres (aquest nom li va ser donat per votaci\u00f3 popular)<\/p>\n\n\n\n<h2 id=\"el-nom-de-l-escola\"><strong>El nom de l&#8217;escola<\/strong><\/h2>\n\n\n\n<div class=\"wp-block-columns\">\n<div class=\"wp-block-column is-vertically-aligned-center\" style=\"flex-basis:33.33%\">\n<div class=\"wp-block-image\"><figure class=\"aligncenter size-large is-resized\"><img loading=\"lazy\" src=\"http:\/\/cevcam.com\/wp-content\/uploads\/2022\/03\/Les-Palmeres_Canet-632x1024.jpg\" alt=\"\" class=\"wp-image-1527\" width=\"191\" height=\"310\" srcset=\"https:\/\/cevcam.com\/wp-content\/uploads\/2022\/03\/Les-Palmeres_Canet-632x1024.jpg 632w, https:\/\/cevcam.com\/wp-content\/uploads\/2022\/03\/Les-Palmeres_Canet-185x300.jpg 185w, https:\/\/cevcam.com\/wp-content\/uploads\/2022\/03\/Les-Palmeres_Canet-768x1245.jpg 768w, https:\/\/cevcam.com\/wp-content\/uploads\/2022\/03\/Les-Palmeres_Canet-947x1536.jpg 947w, https:\/\/cevcam.com\/wp-content\/uploads\/2022\/03\/Les-Palmeres_Canet-1263x2048.jpg 1263w, https:\/\/cevcam.com\/wp-content\/uploads\/2022\/03\/Les-Palmeres_Canet-scaled.jpg 1579w\" sizes=\"(max-width: 191px) 100vw, 191px\" \/><figcaption>Finca les Palmeres<\/figcaption><\/figure><\/div>\n<\/div>\n\n\n\n<div class=\"wp-block-column\" style=\"flex-basis:66.66%\">\n<p>L\u2019escola p\u00fablica CEIP Les Palmeres es va construir l\u2019any 2010 en la partida del Riu (anomenada aix\u00ed per la proximitat al riu Pal\u00e0ncia), davant d\u2019una finca r\u00fastica anomenada durant molt de temps \u201cLes Palmeres\u201d, \u201cFinca dels Llano\u201d o \u201cEl Ranxo\u201d.<\/p>\n\n\n\n<p>Aquesta gran extensi\u00f3 de terreny era propietat de la fam\u00edlia Llano, un llinatge de comerciants valencians que a finals del segle XVIII-inicis del XIX es dedicaven al comer\u00e7 de la seda i de l\u2019aiguardent. Tamb\u00e9 van introduir el <em>guano <\/em>a Val\u00e8ncia des del Per\u00fa. Tenien grans propietats al nostre poble que passaren als seus hereus, la fam\u00edlia G\u00f3mez Fos en la d\u00e8cada dels anys 20, i posteriorment als germans G\u00f3mez Tr\u00e9nor.<\/p>\n<\/div>\n<\/div>\n\n\n\n<div class=\"wp-block-columns\">\n<div class=\"wp-block-column\">\n<p>El taronger va comen\u00e7ar a implantar-se com a cultiu en els nostres camps a finals del segle XIX &#8211; inicis del XX i es va convertir en un dels motors del progr\u00e9s econ\u00f2mic en \u00e8poca contempor\u00e0nia. Va ser precisament en aquesta finca de Les Palmeres on es va iniciar aquest cultiu.<\/p>\n\n\n\n<p>En la finca existia un vertader palmeral (ara sols resten alguns exemplars) de palmeres datileres (<em>Phoenix dactylifera), <\/em>esp\u00e8cie que forma part del paisatge tradicional del Mediterrani des de fa mil\u00b7lennis, probablement introdu\u00efda pels fenicis i impulsada pels \u00e0rabs, conformant part esencial de la mem\u00f2ria i del patrimoni etnogr\u00e0fic de bona part del Pa\u00eds Valenci\u00e0.<\/p>\n\n\n\n<p><\/p>\n<\/div>\n<\/div>\n\n\n\n<div class=\"wp-container-69fc2efe6c232 wp-block-buttons\">\n<div class=\"wp-block-button\"><a class=\"wp-block-button__link has-vivid-red-background-color has-background\" href=\"http:\/\/cevcam.com\/\">INICI<\/a><\/div>\n<\/div>\n","protected":false},"excerpt":{"rendered":"<p>RESUM HIST\u00d2RIC 2010: Construcci\u00f3 de l\u2019escola p\u00fablica CEIP Les Palmeres (aquest nom li va ser donat per votaci\u00f3 popular) El nom de l&#8217;escola <\/p>\n","protected":false},"author":1,"featured_media":1527,"parent":0,"menu_order":0,"comment_status":"closed","ping_status":"closed","template":"","meta":{"_editorskit_title_hidden":false,"_editorskit_reading_time":1,"_editorskit_typography_data":[],"_editorskit_blocks_typography":"","_editorskit_is_block_options_detached":false,"_editorskit_block_options_position":"{}"},"_links":{"self":[{"href":"https:\/\/cevcam.com\/index.php?rest_route=\/wp\/v2\/pages\/1526"}],"collection":[{"href":"https:\/\/cevcam.com\/index.php?rest_route=\/wp\/v2\/pages"}],"about":[{"href":"https:\/\/cevcam.com\/index.php?rest_route=\/wp\/v2\/types\/page"}],"author":[{"embeddable":true,"href":"https:\/\/cevcam.com\/index.php?rest_route=\/wp\/v2\/users\/1"}],"replies":[{"embeddable":true,"href":"https:\/\/cevcam.com\/index.php?rest_route=%2Fwp%2Fv2%2Fcomments&post=1526"}],"version-history":[{"count":4,"href":"https:\/\/cevcam.com\/index.php?rest_route=\/wp\/v2\/pages\/1526\/revisions"}],"predecessor-version":[{"id":1545,"href":"https:\/\/cevcam.com\/index.php?rest_route=\/wp\/v2\/pages\/1526\/revisions\/1545"}],"wp:featuredmedia":[{"embeddable":true,"href":"https:\/\/cevcam.com\/index.php?rest_route=\/wp\/v2\/media\/1527"}],"wp:attachment":[{"href":"https:\/\/cevcam.com\/index.php?rest_route=%2Fwp%2Fv2%2Fmedia&parent=1526"}],"curies":[{"name":"wp","href":"https:\/\/api.w.org\/{rel}","templated":true}]}}