{"id":1463,"date":"2022-02-11T19:38:54","date_gmt":"2022-02-11T19:38:54","guid":{"rendered":"https:\/\/cevcam.com\/?page_id=1463"},"modified":"2022-02-16T19:21:29","modified_gmt":"2022-02-16T19:21:29","slug":"salvem-paraules","status":"publish","type":"page","link":"https:\/\/cevcam.com\/?page_id=1463","title":{"rendered":"Salvem Paraules"},"content":{"rendered":"<style type=\"text\/css\">.easingslider-486 { width: 100%; }.easingslider-486 .easingslider-fade-in, .easingslider-fade-out { -webkit-animation-duration: 400ms; -moz-animation-duration: 400ms; animation-duration: 400ms; }<\/style><script type=\"text\/javascript\">window.EasingSlider486 = {\"width\":750,\"height\":250,\"singleItem\":true,\"items\":1,\"itemsDesktop\":false,\"itemsDesktopSmall\":false,\"itemsTablet\":false,\"itemsTabletSmall\":false,\"itemsMobile\":false,\"responsive\":true,\"lazyLoad\":true,\"autoPlay\":2500,\"slideSpeed\":400,\"navigation\":false,\"navigationText\":[\"\",\"\"],\"pagination\":false,\"autoHeight\":true,\"mouseDrag\":false,\"touchDrag\":false,\"addClassActive\":true,\"transitionStyle\":false};<\/script><div data-id=\"486\" class=\"easingslider easingslider-486 easingslider-container easingslider-full-width easingslider-resizing-enabled easingslider-auto-height\"><div class=\"easingslider-slide\"><img src=\"https:\/\/cevcam.com\/wp-content\/plugins\/easing-slider\/assets\/images\/placeholder-pixel.png\" data-src=\"https:\/\/cevcam.com\/wp-content\/uploads\/2022\/01\/SALVEM-1-750x250.jpg\" alt=\"\" title=\"\" class=\"easingslider-image easingslider-lazy\" \/><\/div><div class=\"easingslider-slide\"><img src=\"https:\/\/cevcam.com\/wp-content\/plugins\/easing-slider\/assets\/images\/placeholder-pixel.png\" data-src=\"https:\/\/cevcam.com\/wp-content\/uploads\/2022\/01\/PARAULES-750x250.jpg\" alt=\"\" title=\"\" class=\"easingslider-image easingslider-lazy\" \/><\/div><\/div>\n\n\n\n<div style=\"height:21px\" aria-hidden=\"true\" class=\"wp-block-spacer\"><\/div>\n\n\n\n<p>La Cevcam , en temps de confinament, no ha estat parada, com haureu vist. Volem proposar-vos una activitat que fa uns anys es llan\u00e7\u00e0 des del Centre Carles Salvador. Consistia en recuperar paraules, portava el nom de Salvadors i Salvadores de Paraules. La Cevcam tamb\u00e9 vol salvar paraules i vos proposem recuperar,&nbsp;valencianitzar&nbsp;&nbsp;o corregir-ne. Cada quinzena us proposarem &nbsp;una paraula que caldr\u00e0 explicar i treballar amb exemples&nbsp; amb un v\u00eddeo de dos o tres minuts. ( exemple de recuperar: ad\u00e9s, de valencianitzar: galetes( cookis), de corregir: els ha dit (lis).&nbsp;Ac\u00ed vos deixem algunes unitats que ja hem preparat i que podeu comen\u00e7ar a utilitzar.&nbsp;<\/p>\n\n\n\n<p>Podeu proposar alguns temes i prepararem els materials. Gaudiu l&#8217;activitat i, si ho creieu convenient , envieu-nos les vostres opinions sobre la tasca.<\/p>\n\n\n\n<div style=\"height:19px\" aria-hidden=\"true\" class=\"wp-block-spacer\"><\/div>\n\n\n\n<h3 id=\"infantil-i-primaria\">Infantil i Prim\u00e0ria<\/h3>\n\n\n\n<div class=\"wp-block-columns\">\n<div class=\"wp-block-column\">\n<figure class=\"wp-block-embed is-type-video is-provider-youtube wp-block-embed-youtube wp-embed-aspect-16-9 wp-has-aspect-ratio\"><div class=\"wp-block-embed__wrapper\">\n<iframe loading=\"lazy\" title=\"I El gripau i la granota\" width=\"640\" height=\"360\" src=\"https:\/\/www.youtube.com\/embed\/hMYnVRR69tI?feature=oembed\" frameborder=\"0\" allow=\"accelerometer; autoplay; clipboard-write; encrypted-media; gyroscope; picture-in-picture\" allowfullscreen><\/iframe>\n<\/div><\/figure>\n<\/div>\n\n\n\n<div class=\"wp-block-column\">\n<p><strong>Cap\u00edtol I. El gripau i la granota.<\/strong> En aquest cap\u00edtol vorem paraules relacionades amb la natura que no utilitzem adequadament.<\/p>\n<\/div>\n<\/div>\n\n\n\n<div class=\"wp-block-columns\">\n<div class=\"wp-block-column\">\n<figure class=\"wp-block-embed is-type-video is-provider-youtube wp-block-embed-youtube wp-embed-aspect-16-9 wp-has-aspect-ratio\"><div class=\"wp-block-embed__wrapper\">\n<iframe loading=\"lazy\" title=\"II Ca la iaia\" width=\"640\" height=\"360\" src=\"https:\/\/www.youtube.com\/embed\/cFSWQ7M8Id4?feature=oembed\" frameborder=\"0\" allow=\"accelerometer; autoplay; clipboard-write; encrypted-media; gyroscope; picture-in-picture\" allowfullscreen><\/iframe>\n<\/div><\/figure>\n<\/div>\n\n\n\n<div class=\"wp-block-column\">\n<p><strong>Cap\u00edtol II. Ca la iaia<\/strong>. En el cap\u00edtol d&#8217;avui anem a vore paraules d&#8217;\u00fas diari com cabells, batidor, anem-nos-en, iaia, etc.<\/p>\n<\/div>\n<\/div>\n\n\n\n<div class=\"wp-block-columns\">\n<div class=\"wp-block-column\">\n<figure class=\"wp-block-embed is-type-video is-provider-youtube wp-block-embed-youtube wp-embed-aspect-16-9 wp-has-aspect-ratio\"><div class=\"wp-block-embed__wrapper\">\n<iframe loading=\"lazy\" title=\"III Anem de sopar\" width=\"640\" height=\"360\" src=\"https:\/\/www.youtube.com\/embed\/xfnGC7GsqPk?feature=oembed\" frameborder=\"0\" allow=\"accelerometer; autoplay; clipboard-write; encrypted-media; gyroscope; picture-in-picture\" allowfullscreen><\/iframe>\n<\/div><\/figure>\n<\/div>\n\n\n\n<div class=\"wp-block-column\">\n<p><strong>Cap\u00edtol III. Anem a sopar.<\/strong> En el cap\u00edtol d&#8217;avui corregirem paraules relacionades amb els sopars de pa i porta.<\/p>\n<\/div>\n<\/div>\n\n\n\n<div class=\"wp-block-columns\">\n<div class=\"wp-block-column\">\n<figure class=\"wp-block-embed is-type-video is-provider-youtube wp-block-embed-youtube wp-embed-aspect-16-9 wp-has-aspect-ratio\"><div class=\"wp-block-embed__wrapper\">\n<iframe loading=\"lazy\" title=\"IV Anem de compres\" width=\"640\" height=\"360\" src=\"https:\/\/www.youtube.com\/embed\/9VuE6lWSiWc?feature=oembed\" frameborder=\"0\" allow=\"accelerometer; autoplay; clipboard-write; encrypted-media; gyroscope; picture-in-picture\" allowfullscreen><\/iframe>\n<\/div><\/figure>\n<\/div>\n\n\n\n<div class=\"wp-block-column\">\n<p><strong>Cap\u00edtol IV. Anem de compres<\/strong>. En el cap\u00edtol d&#8217;avui vorem algunes paraules relacionades amb les compres que fem quan anem a les botigues.<\/p>\n<\/div>\n<\/div>\n\n\n\n<div class=\"wp-block-columns\">\n<div class=\"wp-block-column\">\n<figure class=\"wp-block-embed is-type-video is-provider-youtube wp-block-embed-youtube wp-embed-aspect-16-9 wp-has-aspect-ratio\"><div class=\"wp-block-embed__wrapper\">\n<iframe loading=\"lazy\" title=\"V Anem a classe\" width=\"640\" height=\"360\" src=\"https:\/\/www.youtube.com\/embed\/sgkSJX0MOGo?feature=oembed\" frameborder=\"0\" allow=\"accelerometer; autoplay; clipboard-write; encrypted-media; gyroscope; picture-in-picture\" allowfullscreen><\/iframe>\n<\/div><\/figure>\n<\/div>\n\n\n\n<div class=\"wp-block-column\">\n<p><strong>Cap\u00edtol V. Anem a classe.<\/strong> En el cap\u00edtol d&#8217;avui anem a corregir algunes paraules que no utilitzem correctament quan estem a classe.<\/p>\n<\/div>\n<\/div>\n\n\n\n<div class=\"wp-block-columns\">\n<div class=\"wp-block-column\">\n<figure class=\"wp-block-embed is-type-video is-provider-youtube wp-block-embed-youtube wp-embed-aspect-16-9 wp-has-aspect-ratio\"><div class=\"wp-block-embed__wrapper\">\n<iframe loading=\"lazy\" title=\"VI Anem de vacances\" width=\"640\" height=\"360\" src=\"https:\/\/www.youtube.com\/embed\/wL9IMqS5OYo?feature=oembed\" frameborder=\"0\" allow=\"accelerometer; autoplay; clipboard-write; encrypted-media; gyroscope; picture-in-picture\" allowfullscreen><\/iframe>\n<\/div><\/figure>\n<\/div>\n\n\n\n<div class=\"wp-block-column\">\n<p><strong>Cap\u00edtol VI. Anem de vacances.<\/strong> En el cap\u00edtol d&#8217;avui anem a vore paraules relacionades quan fem les maletes per anar de  vacances.<\/p>\n<\/div>\n<\/div>\n\n\n\n<div class=\"wp-block-columns\">\n<div class=\"wp-block-column\">\n<figure class=\"wp-block-embed is-type-video is-provider-youtube wp-block-embed-youtube wp-embed-aspect-16-9 wp-has-aspect-ratio\"><div class=\"wp-block-embed__wrapper\">\n<iframe loading=\"lazy\" title=\"VII Parem taula\" width=\"640\" height=\"360\" src=\"https:\/\/www.youtube.com\/embed\/mbcZbmtoB40?feature=oembed\" frameborder=\"0\" allow=\"accelerometer; autoplay; clipboard-write; encrypted-media; gyroscope; picture-in-picture\" allowfullscreen><\/iframe>\n<\/div><\/figure>\n<\/div>\n\n\n\n<div class=\"wp-block-column\">\n<p><strong>Cap\u00edtol VII. Parem taula<\/strong>. En el cap\u00edtol d&#8217;avui anem a vore paraules que emprem diariament quan parem taula per a dinar o sopar.<\/p>\n<\/div>\n<\/div>\n\n\n\n<div style=\"height:69px\" aria-hidden=\"true\" class=\"wp-block-spacer\"><\/div>\n\n\n\n<h2 id=\"secundaria\">Secund\u00e0ria<\/h2>\n\n\n\n<div class=\"wp-block-columns\">\n<div class=\"wp-block-column\">\n<figure class=\"wp-block-embed is-type-video is-provider-youtube wp-block-embed-youtube wp-embed-aspect-16-9 wp-has-aspect-ratio\"><div class=\"wp-block-embed__wrapper\">\n<iframe loading=\"lazy\" title=\"I Obligacions\" width=\"640\" height=\"360\" src=\"https:\/\/www.youtube.com\/embed\/r17lHuvxQRE?feature=oembed\" frameborder=\"0\" allow=\"accelerometer; autoplay; clipboard-write; encrypted-media; gyroscope; picture-in-picture\" allowfullscreen><\/iframe>\n<\/div><\/figure>\n<\/div>\n\n\n\n<div class=\"wp-block-column\">\n<p><strong>Cap\u00edtol I. Obligacions.<\/strong> En aquest primer cap\u00edtol anem a vore frases amb haver de + infinitiu i cal + infinitiu \/ Cal que + verb.<\/p>\n<\/div>\n<\/div>\n\n\n\n<div style=\"height:76px\" aria-hidden=\"true\" class=\"wp-block-spacer\"><\/div>\n\n\n\n<div class=\"wp-container-69e5967d9d436 wp-block-buttons\">\n<div class=\"wp-block-button\"><a class=\"wp-block-button__link has-vivid-red-background-color has-background\" href=\"https:\/\/cevcam.com\/\">Inici<\/a><\/div>\n<\/div>\n","protected":false},"excerpt":{"rendered":"<p>La Cevcam , en temps de confinament, no ha estat parada, com haureu vist. Volem proposar-vos una activitat que fa uns anys es <\/p>\n","protected":false},"author":1,"featured_media":661,"parent":0,"menu_order":0,"comment_status":"closed","ping_status":"closed","template":"","meta":{"_editorskit_title_hidden":false,"_editorskit_reading_time":1,"_editorskit_typography_data":[],"_editorskit_blocks_typography":"","_editorskit_is_block_options_detached":false,"_editorskit_block_options_position":"{}"},"_links":{"self":[{"href":"https:\/\/cevcam.com\/index.php?rest_route=\/wp\/v2\/pages\/1463"}],"collection":[{"href":"https:\/\/cevcam.com\/index.php?rest_route=\/wp\/v2\/pages"}],"about":[{"href":"https:\/\/cevcam.com\/index.php?rest_route=\/wp\/v2\/types\/page"}],"author":[{"embeddable":true,"href":"https:\/\/cevcam.com\/index.php?rest_route=\/wp\/v2\/users\/1"}],"replies":[{"embeddable":true,"href":"https:\/\/cevcam.com\/index.php?rest_route=%2Fwp%2Fv2%2Fcomments&post=1463"}],"version-history":[{"count":8,"href":"https:\/\/cevcam.com\/index.php?rest_route=\/wp\/v2\/pages\/1463\/revisions"}],"predecessor-version":[{"id":1480,"href":"https:\/\/cevcam.com\/index.php?rest_route=\/wp\/v2\/pages\/1463\/revisions\/1480"}],"wp:featuredmedia":[{"embeddable":true,"href":"https:\/\/cevcam.com\/index.php?rest_route=\/wp\/v2\/media\/661"}],"wp:attachment":[{"href":"https:\/\/cevcam.com\/index.php?rest_route=%2Fwp%2Fv2%2Fmedia&parent=1463"}],"curies":[{"name":"wp","href":"https:\/\/api.w.org\/{rel}","templated":true}]}}